{"id":13,"date":"2016-05-18T18:57:34","date_gmt":"2016-05-18T18:57:34","guid":{"rendered":"http:\/\/pizza-service-italia.de\/?page_id=13"},"modified":"2024-03-08T10:21:13","modified_gmt":"2024-03-08T10:21:13","slug":"pasta","status":"publish","type":"page","link":"http:\/\/pizza-service-italia.de\/?page_id=13","title":{"rendered":"Pasta"},"content":{"rendered":"<p style=\"text-align: right;\">Wir verwenden ausschlie\u00dflich Pasta aus Hartweizengrie\u00df &amp; Weizen von Barilla \u00ae.<br \/>Alle Gerichte auch \u00fcberbacken (+1\u20ac)<br \/><span style=\"color: #008000;\"><em>Achtung: Neue Preise ab 01.03.2024<\/em><\/span><\/p>\n<table>\n<tbody>\n<tr>\n<td colspan=\"3\"><strong>Bolognese (mit Hackfleischso\u00dfe)<\/strong><sup><a href=\"http:\/\/pizza-service-italia.de\/?page_id=41\">a<\/a><\/sup><\/td>\n<\/tr>\n<tr>\n<td>51<\/td>\n<td>Gnocchi<\/td>\n<td style=\"text-align: right;\">10,00\u20ac<\/td>\n<\/tr>\n<tr>\n<td>52<\/td>\n<td>Spaghetti<\/td>\n<td style=\"text-align: right;\">10,00\u20ac<\/td>\n<\/tr>\n<tr>\n<td>53<\/td>\n<td>Rigatoni<\/td>\n<td style=\"text-align: right;\">10,00\u20ac<\/td>\n<\/tr>\n<tr>\n<td>54<\/td>\n<td>Tortellini<\/td>\n<td style=\"text-align: right;\">10,00\u20ac<\/td>\n<\/tr>\n<tr>\n<td colspan=\"3\"><strong>Aubergine (mit Tomatenso\u00dfe, Auberginen und Oliven)<\/strong><sup><a href=\"http:\/\/pizza-service-italia.de\/?page_id=41\">a<\/a><\/sup><\/td>\n<\/tr>\n<tr>\n<td>60<\/td>\n<td>Spaghetti<\/td>\n<td style=\"text-align: right;\">10,00\u20ac<\/td>\n<\/tr>\n<tr>\n<td>61<\/td>\n<td>Rigatoni<\/td>\n<td style=\"text-align: right;\">10,00\u20ac<\/td>\n<\/tr>\n<tr>\n<td colspan=\"3\"><strong>Gorgonzola (mit Gorgonzola, Spinat und Sahneso\u00dfe)<\/strong><sup><a href=\"http:\/\/pizza-service-italia.de\/?page_id=41\">a,f,i<\/a><\/sup><\/td>\n<\/tr>\n<tr>\n<td>65<\/td>\n<td>Gnocchi<\/td>\n<td style=\"text-align: right;\">10,00\u20ac<\/td>\n<\/tr>\n<tr>\n<td>66<\/td>\n<td>Rigatoni<\/td>\n<td style=\"text-align: right;\">10,00\u20ac<\/td>\n<\/tr>\n<tr>\n<td>67<\/td>\n<td>Spaghetti<\/td>\n<td style=\"text-align: right;\">10,00\u20ac<\/td>\n<\/tr>\n<tr>\n<td colspan=\"3\"><strong>Carbonara (mit Sahneso\u00dfe, Bauchspeck und Ei)<\/strong><sup><a href=\"http:\/\/pizza-service-italia.de\/?page_id=41\">2,3,4,a,f,i<\/a><\/sup><\/td>\n<\/tr>\n<tr>\n<td>71<\/td>\n<td>Spaghetti<\/td>\n<td style=\"text-align: right;\">10,50\u20ac<\/td>\n<\/tr>\n<tr>\n<td>72<\/td>\n<td>Rigatoni<\/td>\n<td style=\"text-align: right;\">10,50\u20ac<\/td>\n<\/tr>\n<tr>\n<td>73<\/td>\n<td>Tortellini<\/td>\n<td style=\"text-align: right;\">10,50\u20ac<\/td>\n<\/tr>\n<tr>\n<td colspan=\"3\">\u00a0<\/td>\n<\/tr>\n<tr>\n<td>75<\/td>\n<td>Spaghetti Napoli: Tomatenso\u00dfe <sup><a href=\"http:\/\/pizza-service-italia.de\/?page_id=41\">a<\/a><\/sup><\/td>\n<td style=\"text-align: right;\">9,50\u20ac<\/td>\n<\/tr>\n<tr>\n<td>76<\/td>\n<td>Spaghetti Aglio e Olio: Oliven\u00f6l, Knoblauch, Peperoni, Parmesan <sup><a href=\"http:\/\/pizza-service-italia.de\/?page_id=41\">a,f<\/a><\/sup><\/td>\n<td style=\"text-align: right;\">9,50\u20ac<\/td>\n<\/tr>\n<tr>\n<td>77<\/td>\n<td>Spaghetti Frutti di Mare: Tomatenso\u00dfe, Meeresfr\u00fcchte, Knoblauch <sup><a href=\"http:\/\/pizza-service-italia.de\/?page_id=41\">a,b,c,m<\/a><\/sup><\/td>\n<td style=\"text-align: right;\">11,00\u20ac<\/td>\n<\/tr>\n<tr>\n<td>78<\/td>\n<td>Rigatoni Matriciana: Tomatenso\u00dfe, Pilze, Bauchspeck <sup><a href=\"http:\/\/pizza-service-italia.de\/?page_id=41\">2,3,4,a<\/a><\/sup><\/td>\n<td style=\"text-align: right;\">11,00\u20ac<\/td>\n<\/tr>\n<tr>\n<td>79<\/td>\n<td>Rigatoni Brokkoli: Sahne, Schinken, Brokkoli <sup><a href=\"http:\/\/pizza-service-italia.de\/?page_id=41\">2,3,4,a,f<\/a><\/sup><\/td>\n<td style=\"text-align: right;\">11,00\u20ac<\/td>\n<\/tr>\n<tr>\n<td>80<\/td>\n<td>Spaghetti Gamberetti: Sahne, Shrimps, Knoblauch <sup><a href=\"http:\/\/pizza-service-italia.de\/?page_id=41\">a,c,f<\/a><\/sup><\/td>\n<td style=\"text-align: right;\">11,00\u20ac<\/td>\n<\/tr>\n<tr>\n<td>81<\/td>\n<td>Rigatoni Tonno: Frische Tomaten, Thunfisch, Knoblauch <sup><a href=\"http:\/\/pizza-service-italia.de\/?page_id=41\">3,a,b<\/a><\/sup><\/td>\n<td style=\"text-align: right;\">11,00\u20ac<\/td>\n<\/tr>\n<tr>\n<td>82<\/td>\n<td>Gnocchi Sorrente: Tomatenso\u00dfe, Mozzarella <sup><a href=\"http:\/\/pizza-service-italia.de\/?page_id=41\">3,a,f<\/a><\/sup><\/td>\n<td style=\"text-align: right;\">11,00\u20ac<\/td>\n<\/tr>\n<tr>\n<td>83<\/td>\n<td>Spaghetti: Sahne, Lachs, Spinat <sup><a href=\"http:\/\/pizza-service-italia.de\/?page_id=41\">2,3,4,a,b,f<\/a><\/sup><\/td>\n<td style=\"text-align: right;\">12,00\u20ac<\/td>\n<\/tr>\n<tr>\n<td>84<\/td>\n<td>Rigatoni all&#8217;arrabiata: Tomatenso\u00dfe (scharf)<sup> <a href=\"http:\/\/pizza-service-italia.de\/?page_id=41\">a<\/a><\/sup><\/td>\n<td style=\"text-align: right;\">10,00\u20ac<\/td>\n<\/tr>\n<tr>\n<td>85<\/td>\n<td>Tortellini alla Panna: Sahneso\u00dfe, Schinken <sup><a href=\"http:\/\/pizza-service-italia.de\/?page_id=41\">*,2,3,4,a,f<\/a><\/sup><\/td>\n<td style=\"text-align: right;\">11,00\u20ac<\/td>\n<\/tr>\n<tr>\n<td>86<\/td>\n<td>Rigatoni a Quattro Formaggi: vier K\u00e4sesorten <sup><a href=\"http:\/\/pizza-service-italia.de\/?page_id=41\">2,3,a,f<\/a><\/sup><\/td>\n<td style=\"text-align: right;\">11,00\u20ac<\/td>\n<\/tr>\n<tr>\n<td colspan=\"3\"><strong>\u00dcberbackene Gerichte (Hackfleisch, Schinken, Pilze und K\u00e4se)<\/strong><sup><a href=\"http:\/\/pizza-service-italia.de\/?page_id=41\">2,3,4,a,f<\/a><\/sup><\/td>\n<\/tr>\n<tr>\n<td>91<\/td>\n<td>Tortellini<\/td>\n<td style=\"text-align: right;\">11,00\u20ac<\/td>\n<\/tr>\n<tr>\n<td>92<\/td>\n<td>Rigatoni<\/td>\n<td style=\"text-align: right;\">11,00\u20ac<\/td>\n<\/tr>\n<tr>\n<td>93<\/td>\n<td>Lasagne<\/td>\n<td style=\"text-align: right;\">11,00\u20ac<\/td>\n<\/tr>\n<tr>\n<td>94<\/td>\n<td>Combinazione<\/td>\n<td style=\"text-align: right;\">11,00\u20ac<\/td>\n<\/tr>\n<tr>\n<td><\/td>\n<td><b>Extra Zutaten: <\/b><br \/>\nAnanas, Artischocken, Aubergine, Spinat, Brokkoli, Pilze, Ei, Erbsen, Jalape\u00f1os, Knoblauch, Mais, Oliven, Paprika, Peperone, Rucola, frische Tomaten, Zwiebeln<\/td>\n<td style=\"text-align: right;\">1,00\u20ac<\/td>\n<\/tr>\n<tr>\n<td><\/td>\n<td><b>Extra Zutaten: <\/b><br \/>\nMeeresfr\u00fcchte, Sardellen, Thunfisch, Sucuk, Speckw\u00fcrfel, Salami, Schinken, Hackfleisch, Gorgonzola, Feta, Mozzarella, Parmesan, K\u00e4se, Sahne<\/td>\n<td style=\"text-align: right;\">1,50\u20ac<\/td>\n<\/tr>\n<tr>\n<td><\/td>\n<td><b>Extra Zutaten: <\/b><br \/>\nShrimps, Lachs, H\u00e4hnchen<\/td>\n<td style=\"text-align: right;\">2,00\u20ac<\/td>\n<\/tr>\n<\/tbody>\n<\/table>\n\n\n<p><\/p>\n","protected":false},"excerpt":{"rendered":"<p>Wir verwenden ausschlie\u00dflich Pasta aus Hartweizengrie\u00df &amp; Weizen von Barilla \u00ae.Alle Gerichte auch \u00fcberbacken (+1\u20ac)Achtung: Neue Preise ab 01.03.2024 Bolognese (mit Hackfleischso\u00dfe)a 51 Gnocchi 10,00\u20ac 52 Spaghetti 10,00\u20ac 53 Rigatoni 10,00\u20ac 54 Tortellini 10,00\u20ac Aubergine (mit Tomatenso\u00dfe, Auberginen und Oliven)a 60 Spaghetti 10,00\u20ac 61 Rigatoni 10,00\u20ac Gorgonzola (mit Gorgonzola, Spinat und Sahneso\u00dfe)a,f,i 65 Gnocchi 10,00\u20ac&#8230;<\/p>\n","protected":false},"author":1,"featured_media":0,"parent":0,"menu_order":0,"comment_status":"closed","ping_status":"closed","template":"","meta":{"footnotes":""},"class_list":["post-13","page","type-page","status-publish","hentry"],"_links":{"self":[{"href":"http:\/\/pizza-service-italia.de\/index.php?rest_route=\/wp\/v2\/pages\/13","targetHints":{"allow":["GET"]}}],"collection":[{"href":"http:\/\/pizza-service-italia.de\/index.php?rest_route=\/wp\/v2\/pages"}],"about":[{"href":"http:\/\/pizza-service-italia.de\/index.php?rest_route=\/wp\/v2\/types\/page"}],"author":[{"embeddable":true,"href":"http:\/\/pizza-service-italia.de\/index.php?rest_route=\/wp\/v2\/users\/1"}],"replies":[{"embeddable":true,"href":"http:\/\/pizza-service-italia.de\/index.php?rest_route=%2Fwp%2Fv2%2Fcomments&post=13"}],"version-history":[{"count":26,"href":"http:\/\/pizza-service-italia.de\/index.php?rest_route=\/wp\/v2\/pages\/13\/revisions"}],"predecessor-version":[{"id":296,"href":"http:\/\/pizza-service-italia.de\/index.php?rest_route=\/wp\/v2\/pages\/13\/revisions\/296"}],"wp:attachment":[{"href":"http:\/\/pizza-service-italia.de\/index.php?rest_route=%2Fwp%2Fv2%2Fmedia&parent=13"}],"curies":[{"name":"wp","href":"https:\/\/api.w.org\/{rel}","templated":true}]}}