{"id":2,"date":"2021-06-25T03:48:21","date_gmt":"2021-06-25T03:48:21","guid":{"rendered":"http:\/\/wp452m.a10-52-158-154.qa.plesk.ru\/wordpress\/?page_id=2"},"modified":"2024-03-08T10:21:56","modified_gmt":"2024-03-08T10:21:56","slug":"sample-page","status":"publish","type":"page","link":"http:\/\/pizza-service-italia.de\/?page_id=2","title":{"rendered":"Pizza"},"content":{"rendered":"<p style=\"text-align: right;\"><span style=\"color: #008000;\"><em>Achtung: Neue Preise ab 01.03.2024<\/em><\/span><\/p>\n<table>\n<tbody>\n<tr>\n<td>\u00a0<\/td>\n<td>\u00a0<\/td>\n<td style=\"text-align: center;\">Pizza 30cm<\/td>\n<td style=\"text-align: center;\">Familie<br \/>46*33cm<\/td>\n<td style=\"text-align: center;\">Party<br \/>60*40cm<\/td>\n<\/tr>\n<tr>\n<td>1<\/td>\n<td><b>Pizzabrot: <\/b>Knoblauch, \u00d6l, Oregano (auch als Panini)\u00a0<sup><a href=\"http:\/\/pizza-service-italia.de\/?page_id=41\">a<\/a><\/sup><\/td>\n<td style=\"text-align: right;\">5,00\u20ac<\/td>\n<td>\u00a0<\/td>\n<td>\u00a0<\/td>\n<\/tr>\n<tr>\n<td>2<\/td>\n<td><b>Pizzabrot: <\/b>K\u00e4se, Schinken (auch als Panini)\u00a0<sup><a href=\"http:\/\/pizza-service-italia.de\/?page_id=41\">*,2,3,4,a,f<\/a><\/sup><\/td>\n<td style=\"text-align: right;\">9,00\u20ac<\/td>\n<td style=\"text-align: right;\">21,50\u20ac<\/td>\n<td style=\"text-align: right;\">24,00\u20ac<\/td>\n<\/tr>\n<tr>\n<td>3<\/td>\n<td><b>Pizzabrot: <\/b>K\u00e4se, Salami (auch als Panini)\u00a0<sup><a href=\"http:\/\/pizza-service-italia.de\/?page_id=41\">1,2,3,4,a,f<\/a><\/sup><\/td>\n<td style=\"text-align: right;\">9,00\u20ac<\/td>\n<td style=\"text-align: right;\">21,50\u20ac<\/td>\n<td style=\"text-align: right;\">24,00\u20ac<\/td>\n<\/tr>\n<tr>\n<td>4<\/td>\n<td><b>Magherita: <\/b>Tomaten, K\u00e4se\u00a0<sup><a href=\"http:\/\/pizza-service-italia.de\/?page_id=41\">2,3,a,f<\/a><\/sup><\/td>\n<td style=\"text-align: right;\">9,00\u20ac<\/td>\n<td style=\"text-align: right;\">20,00\u20ac<\/td>\n<td style=\"text-align: right;\">23,00\u20ac<\/td>\n<\/tr>\n<tr>\n<td>5<\/td>\n<td><b>Prosciutto: <\/b>Tomaten, K\u00e4se, Schinken\u00a0<sup> <a href=\"http:\/\/pizza-service-italia.de\/?page_id=41\">*,2,3,4,a,f<\/a><\/sup><\/td>\n<td style=\"text-align: right;\">10,00\u20ac<\/td>\n<td style=\"text-align: right;\">23,00\u20ac<\/td>\n<td style=\"text-align: right;\">24,50\u20ac<\/td>\n<\/tr>\n<tr>\n<td>6<\/td>\n<td><b>Salami: <\/b>Tomaten, K\u00e4se, Salami\u00a0<sup><a href=\"http:\/\/pizza-service-italia.de\/?page_id=41\">1,2,4,a,f<\/a><\/sup><\/td>\n<td style=\"text-align: right;\">10,00\u20ac<\/td>\n<td style=\"text-align: right;\">23,00\u20ac<\/td>\n<td style=\"text-align: right;\">24,50\u20ac<\/td>\n<\/tr>\n<tr>\n<td>7<\/td>\n<td><b>Funghi: <\/b>Tomaten, K\u00e4se, Pilze\u00a0<sup><a href=\"http:\/\/pizza-service-italia.de\/?page_id=41\">a,f<\/a><\/sup><\/td>\n<td style=\"text-align: right;\">10,00\u20ac<\/td>\n<td style=\"text-align: right;\">23,00\u20ac<\/td>\n<td style=\"text-align: right;\">24,50\u20ac<\/td>\n<\/tr>\n<tr>\n<td>8<\/td>\n<td><b>Paprika: <\/b>Tomaten, K\u00e4se, Paprika\u00a0<sup><a href=\"http:\/\/pizza-service-italia.de\/?page_id=41\">a,f<\/a><\/sup><\/td>\n<td style=\"text-align: right;\">10,00\u20ac<\/td>\n<td style=\"text-align: right;\">23,00\u20ac<\/td>\n<td style=\"text-align: right;\">24,50\u20ac<\/td>\n<\/tr>\n<tr>\n<td>9<\/td>\n<td><b>Cipolla: <\/b>Tomaten, K\u00e4se, Zwiebeln\u00a0<sup><a href=\"http:\/\/pizza-service-italia.de\/?page_id=41\">a,f<\/a><\/sup><\/td>\n<td style=\"text-align: right;\">10,00\u20ac<\/td>\n<td style=\"text-align: right;\">23,00\u20ac<\/td>\n<td style=\"text-align: right;\">24,50\u20ac<\/td>\n<\/tr>\n<tr>\n<td>10<\/td>\n<td><b>Contadina: <\/b>Tomaten, K\u00e4se, Zwiebeln, Bauchspeck\u00a0<sup><a href=\"http:\/\/pizza-service-italia.de\/?page_id=41\">3,a,f<\/a><\/sup><\/td>\n<td style=\"text-align: right;\">10,50\u20ac<\/td>\n<td style=\"text-align: right;\">24,50\u20ac<\/td>\n<td style=\"text-align: right;\">26,00\u20ac<\/td>\n<\/tr>\n<tr>\n<td>11<\/td>\n<td><b>Regina: <\/b>Tomaten, K\u00e4se, Salami, Pilze\u00a0<sup><a href=\"http:\/\/pizza-service-italia.de\/?page_id=41\">1,2,4,a,f<\/a><\/sup><\/td>\n<td style=\"text-align: right;\">10,50\u20ac<\/td>\n<td style=\"text-align: right;\">24,50\u20ac<\/td>\n<td style=\"text-align: right;\">26,00\u20ac<\/td>\n<\/tr>\n<tr>\n<td>12<\/td>\n<td><b>Riviera: <\/b>Tomaten, K\u00e4se, Schinken, Pilze\u00a0<sup><a href=\"http:\/\/pizza-service-italia.de\/?page_id=41\">*2,3,4,a,f<\/a><\/sup><\/td>\n<td style=\"text-align: right;\">10,50\u20ac<\/td>\n<td style=\"text-align: right;\">24,50\u20ac<\/td>\n<td style=\"text-align: right;\">26,00\u20ac<\/td>\n<\/tr>\n<tr>\n<td>13<\/td>\n<td><b>Rustica: <\/b>Tomaten, K\u00e4se, Salami, Schinken <sup><a href=\"http:\/\/pizza-service-italia.de\/?page_id=41\">*1-4,a,f<\/a><\/sup><\/td>\n<td style=\"text-align: right;\">10,50\u20ac<\/td>\n<td style=\"text-align: right;\">24,50\u20ac<\/td>\n<td style=\"text-align: right;\">26,00\u20ac<\/td>\n<\/tr>\n<tr>\n<td>14<\/td>\n<td><b>Hawaii: <\/b>Tomaten, K\u00e4se, Schinken, Ananas\u00a0<sup><a href=\"http:\/\/pizza-service-italia.de\/?page_id=41\">*,2,4,a,f<\/a><\/sup><\/td>\n<td style=\"text-align: right;\">10,50\u20ac<\/td>\n<td style=\"text-align: right;\">24,50\u20ac<\/td>\n<td style=\"text-align: right;\">26,00\u20ac<\/td>\n<\/tr>\n<tr>\n<td>15<\/td>\n<td><b>Etna: <\/b>Tomaten, K\u00e4se, Sardellen, Oliven, <em>scharf\u00a0<\/em><sup><a href=\"http:\/\/pizza-service-italia.de\/?page_id=41\">a,b,f<\/a><\/sup><\/td>\n<td style=\"text-align: right;\">10,50\u20ac<\/td>\n<td style=\"text-align: right;\">24,50\u20ac<\/td>\n<td style=\"text-align: right;\">26,00\u20ac<\/td>\n<\/tr>\n<tr>\n<td>16<\/td>\n<td><b>Serena: <\/b>Tomaten, K\u00e4se, Salami, Schinken, Paprika\u00a0<sup><a href=\"http:\/\/pizza-service-italia.de\/?page_id=41\">*,1-4,a,f<\/a><\/sup><\/td>\n<td style=\"text-align: right;\">11,50\u20ac<\/td>\n<td style=\"text-align: right;\">25,00\u20ac<\/td>\n<td style=\"text-align: right;\">28,00\u20ac<\/td>\n<\/tr>\n<tr>\n<td>17<\/td>\n<td><b>Amore: <\/b>Tomaten, K\u00e4se, Salami, Schinken, Pilze\u00a0<sup><a href=\"http:\/\/pizza-service-italia.de\/?page_id=41\">*,1-4,a,f<\/a><\/sup><\/td>\n<td style=\"text-align: right;\">11,50\u20ac<\/td>\n<td style=\"text-align: right;\">25,00\u20ac<\/td>\n<td style=\"text-align: right;\">28,00\u20ac<\/td>\n<\/tr>\n<tr>\n<td>18<\/td>\n<td><b>Toskana: <\/b>Tomaten, K\u00e4se, Spargel, Artischocken, Salami\u00a0<sup><a href=\"http:\/\/pizza-service-italia.de\/?page_id=41\">1-4,a,f<\/a><\/sup><\/td>\n<td style=\"text-align: right;\">11,50\u20ac<\/td>\n<td style=\"text-align: right;\">25,00\u20ac<\/td>\n<td style=\"text-align: right;\">28,00\u20ac<\/td>\n<\/tr>\n<tr>\n<td>19<\/td>\n<td><b>Calzone: <\/b>Tomaten, K\u00e4se, Salami, Schinken, Pilze\u00a0<sup><a href=\"http:\/\/pizza-service-italia.de\/?page_id=41\">*,1-4,a,f<\/a><\/sup><\/td>\n<td style=\"text-align: right;\">11,50\u20ac<\/td>\n<td style=\"text-align: right;\">\u00a0<\/td>\n<td style=\"text-align: right;\">\u00a0<\/td>\n<\/tr>\n<tr>\n<td>20<\/td>\n<td><b>Primavera: <\/b>Tomaten, K\u00e4se, Spargel, Schinken, Pilze <sup><a href=\"http:\/\/pizza-service-italia.de\/?page_id=41\">*,2-4,a,f<\/a><\/sup><\/td>\n<td style=\"text-align: right;\">11,50\u20ac<\/td>\n<td style=\"text-align: right;\">25,00\u20ac<\/td>\n<td style=\"text-align: right;\">28,00\u20ac<\/td>\n<\/tr>\n<tr>\n<td>21<\/td>\n<td><b>Diavolo: <\/b>Tomaten, K\u00e4se, Salami, Paprika, Oliven, scharf <sup><a href=\"http:\/\/pizza-service-italia.de\/?page_id=41\">1,2,4,6,a,f<\/a><\/sup><\/td>\n<td style=\"text-align: right;\">11,50\u20ac<\/td>\n<td style=\"text-align: right;\">25,00\u20ac<\/td>\n<td style=\"text-align: right;\">28,00\u20ac<\/td>\n<\/tr>\n<tr>\n<td>22<\/td>\n<td><b>Tonno: <\/b>Tomaten, K\u00e4se, Thunfisch, Zwiebeln <sup><a href=\"http:\/\/pizza-service-italia.de\/?page_id=41\">3,a,b,f<\/a><\/sup><\/td>\n<td style=\"text-align: right;\">11,50\u20ac<\/td>\n<td style=\"text-align: right;\">25,00\u20ac<\/td>\n<td style=\"text-align: right;\">28,00\u20ac<\/td>\n<\/tr>\n<tr>\n<td>23<\/td>\n<td><b>Speciale: <\/b>Tomaten, K\u00e4se, Salami, Schinken, Pilze, Oliven, Ei, Peperoni <sup><a href=\"http:\/\/pizza-service-italia.de\/?page_id=41\">*,1-4,6,a,f,i<\/a><\/sup><\/td>\n<td style=\"text-align: right;\">12,00\u20ac<\/td>\n<td style=\"text-align: right;\">25,50\u20ac<\/td>\n<td style=\"text-align: right;\">31,00\u20ac<\/td>\n<\/tr>\n<tr>\n<td>24<\/td>\n<td><b>Napoli: <\/b>Tomatenscheiben, Mozzarella <sup><a href=\"http:\/\/pizza-service-italia.de\/?page_id=41\">a,f<\/a><\/sup><\/td>\n<td style=\"text-align: right;\">10,00\u20ac<\/td>\n<td style=\"text-align: right;\">21,50\u20ac<\/td>\n<td style=\"text-align: right;\">26,50\u20ac<\/td>\n<\/tr>\n<tr>\n<td>25<\/td>\n<td><b>Mais: <\/b>Tomaten, K\u00e4se, Schinken, Pilze, Mais <sup><a href=\"http:\/\/pizza-service-italia.de\/?page_id=41\">*,2-4,a,f<\/a><\/sup><\/td>\n<td style=\"text-align: right;\">11,50\u20ac<\/td>\n<td style=\"text-align: right;\">25,00\u20ac<\/td>\n<td style=\"text-align: right;\">28,00\u20ac<\/td>\n<\/tr>\n<tr>\n<td>26<\/td>\n<td><b>Marina: <\/b>Tomaten, K\u00e4se, Schinken, Thunfisch, Pilze <sup><a href=\"http:\/\/pizza-service-italia.de\/?page_id=41\">*,2-4,6,a,b,f<\/a><\/sup><\/td>\n<td style=\"text-align: right;\">11,50\u20ac<\/td>\n<td style=\"text-align: right;\">25,00\u20ac<\/td>\n<td style=\"text-align: right;\">28,00\u20ac<\/td>\n<\/tr>\n<tr>\n<td>27<\/td>\n<td><b>Quattro Stagione: <\/b>Tomaten, K\u00e4se, Salami, Schinken, Pilze, Artischocken <sup><a href=\"http:\/\/pizza-service-italia.de\/?page_id=41\">*,1-4,a,f<\/a><\/sup><\/td>\n<td style=\"text-align: right;\">11,50\u20ac<\/td>\n<td style=\"text-align: right;\">25,00\u20ac<\/td>\n<td style=\"text-align: right;\">28,00\u20ac<\/td>\n<\/tr>\n<tr>\n<td>28<\/td>\n<td><b>Capricciosa: <\/b>Tomaten, K\u00e4se, Salami, Schinken, Zwiebeln, Ei <sup><a href=\"http:\/\/pizza-service-italia.de\/?page_id=41\">*,1,2,4,a,f,i<\/a><\/sup><\/td>\n<td style=\"text-align: right;\">11,50\u20ac<\/td>\n<td style=\"text-align: right;\">25,50\u20ac<\/td>\n<td style=\"text-align: right;\">29,00\u20ac<\/td>\n<\/tr>\n<tr>\n<td>29<\/td>\n<td><b>Vesuvio: <\/b>Tomaten, K\u00e4se, Salami, Schinken, Oliven, Pilze, scharf <sup><a href=\"http:\/\/pizza-service-italia.de\/?page_id=41\">*,1-4,a,f<\/a><\/sup><\/td>\n<td style=\"text-align: right;\">12,00\u20ac<\/td>\n<td style=\"text-align: right;\">25,50\u20ac<\/td>\n<td style=\"text-align: right;\">29,00\u20ac<\/td>\n<\/tr>\n<tr>\n<td>30<\/td>\n<td><b>Gambaretti: <\/b>Tomaten, K\u00e4se, Krabben<sup><a href=\"http:\/\/pizza-service-italia.de\/?page_id=41\">a,c,f<\/a><\/sup><\/td>\n<td style=\"text-align: right;\">11,50\u20ac<\/td>\n<td style=\"text-align: right;\">25,00\u20ac<\/td>\n<td style=\"text-align: right;\">29,50\u20ac<\/td>\n<\/tr>\n<tr>\n<td>31<\/td>\n<td><b>Frutti di Mare: <\/b>Tomaten, K\u00e4se, Meeresfr\u00fcchte<sup><a href=\"http:\/\/pizza-service-italia.de\/?page_id=41\">a,f,b,c,m<\/a><\/sup><\/td>\n<td style=\"text-align: right;\">11,50\u20ac<\/td>\n<td style=\"text-align: right;\">25,00\u20ac<\/td>\n<td style=\"text-align: right;\">29,50\u20ac<\/td>\n<\/tr>\n<tr>\n<td>32<\/td>\n<td><b>Alla Chef: <\/b>Tomaten, K\u00e4se, Artischocken, Pilze, Ei, Oliven, Zwiebeln, Peperoni<sup><a href=\"http:\/\/pizza-service-italia.de\/?page_id=41\">6,a,f<\/a><\/sup><\/td>\n<td style=\"text-align: right;\">13,00\u20ac<\/td>\n<td style=\"text-align: right;\">26,00\u20ac<\/td>\n<td style=\"text-align: right;\">32,50\u20ac<\/td>\n<\/tr>\n<tr>\n<td>33<\/td>\n<td><b>Italia: <\/b>Tomaten, K\u00e4se, Salami, Paprika, Pilze, Artischocken, Oliven, scharf <sup><a href=\"http:\/\/pizza-service-italia.de\/?page_id=41\">1-4,6,a,f<\/a><\/sup><\/td>\n<td style=\"text-align: right;\">13,00\u20ac<\/td>\n<td style=\"text-align: right;\">26,00\u20ac<\/td>\n<td style=\"text-align: right;\">32,50\u20ac<\/td>\n<\/tr>\n<tr>\n<td>34<\/td>\n<td><b>Aubergine: <\/b>Tomaten, K\u00e4se, Auberginen, Oliven <sup><a href=\"http:\/\/pizza-service-italia.de\/?page_id=41\">6,a,f<\/a><\/sup><\/td>\n<td style=\"text-align: right;\">11,00\u20ac<\/td>\n<td style=\"text-align: right;\">23,00\u20ac<\/td>\n<td style=\"text-align: right;\">26,50\u20ac<\/td>\n<\/tr>\n<tr>\n<td>35<\/td>\n<td><b>Vegetaria: <\/b>Tomaten, K\u00e4se, Artischocken, Oliven, Pilze, Peperoni <sup><a href=\"http:\/\/pizza-service-italia.de\/?page_id=41\">3,6,a,f<\/a><\/sup><\/td>\n<td style=\"text-align: right;\">12,00\u20ac<\/td>\n<td style=\"text-align: right;\">25,50\u20ac<\/td>\n<td style=\"text-align: right;\">28,50\u20ac<\/td>\n<\/tr>\n<tr>\n<td>36<\/td>\n<td><b>Spinaci: <\/b>Tomaten, K\u00e4se, Spinat, Oliven <sup><a href=\"http:\/\/pizza-service-italia.de\/?page_id=41\">6,a,f<\/a><\/sup><\/td>\n<td style=\"text-align: right;\">11,00\u20ac<\/td>\n<td style=\"text-align: right;\">23,00\u20ac<\/td>\n<td style=\"text-align: right;\">27,00\u20ac<\/td>\n<\/tr>\n<tr>\n<td>37<\/td>\n<td><b>Broccoli: <\/b>Tomaten, K\u00e4se, Broccoli, Oliven <sup><a href=\"http:\/\/pizza-service-italia.de\/?page_id=41\">6,a,f<\/a><\/sup><\/td>\n<td style=\"text-align: right;\">11,00\u20ac<\/td>\n<td style=\"text-align: right;\">23,50\u20ac<\/td>\n<td style=\"text-align: right;\">27,00\u20ac<\/td>\n<\/tr>\n<tr>\n<td>38<\/td>\n<td><b>Quattro Formaggi: <\/b>Tomaten, vier K\u00e4sesorten <sup><a href=\"http:\/\/pizza-service-italia.de\/?page_id=41\">2,3,a,f<\/a><\/sup><\/td>\n<td style=\"text-align: right;\">11,00\u20ac<\/td>\n<td style=\"text-align: right;\">24,50\u20ac<\/td>\n<td style=\"text-align: right;\">28,50\u20ac<\/td>\n<\/tr>\n<tr>\n<td>39<\/td>\n<td><b>Parmaschinken: <\/b>Tomaten, K\u00e4se, Parmaschinken, Rucola, Parmesan\u00a0 <sup><a href=\"http:\/\/pizza-service-italia.de\/?page_id=41\">2,3,a,f<\/a><\/sup><\/td>\n<td style=\"text-align: right;\">13,00\u20ac<\/td>\n<td style=\"text-align: right;\">25,50\u20ac<\/td>\n<td style=\"text-align: right;\">29,50\u20ac<\/td>\n<\/tr>\n<tr>\n<td>40<\/td>\n<td><b>Bolognese: <\/b>Tomaten, K\u00e4se, Rinderhack <sup><a href=\"http:\/\/pizza-service-italia.de\/?page_id=41\">a,f<\/a><\/sup><\/td>\n<td style=\"text-align: right;\">11,00\u20ac<\/td>\n<td style=\"text-align: right;\">24,50\u20ac<\/td>\n<td style=\"text-align: right;\">27,50\u20ac<\/td>\n<\/tr>\n<tr>\n<td>41<\/td>\n<td><b>Salmone: <\/b>Lachs, Spinat<sup><a href=\"http:\/\/pizza-service-italia.de\/?page_id=41\">6,a,b,f<\/a><\/sup><\/td>\n<td style=\"text-align: right;\">13,00\u20ac<\/td>\n<td style=\"text-align: right;\">26,50\u20ac<\/td>\n<td style=\"text-align: right;\">32,50\u20ac<\/td>\n<\/tr>\n<tr>\n<td>42<\/td>\n<td><b>Alla Panna: <\/b>Sahne, K\u00e4se, Schinken, Rucola, Parmesan <sup><a href=\"http:\/\/pizza-service-italia.de\/?page_id=41\">6,a,f<\/a><\/sup><\/td>\n<td style=\"text-align: right;\">13,00\u20ac<\/td>\n<td style=\"text-align: right;\">25,50\u20ac<\/td>\n<td style=\"text-align: right;\">29,50\u20ac<\/td>\n<\/tr>\n<tr>\n<td>43<\/td>\n<td><b>Sucuk <\/b><sup><a href=\"http:\/\/pizza-service-italia.de\/?page_id=41\">6,a,f<\/a><\/sup><\/td>\n<td style=\"text-align: right;\">10,50\u20ac<\/td>\n<td style=\"text-align: right;\">22,50\u20ac<\/td>\n<td style=\"text-align: right;\">29,00\u20ac<\/td>\n<\/tr>\n<tr>\n<td>44<\/td>\n<td><b>Pesto: <\/b>Basilikumpesto, frische Tomaten, Mozzarella <sup><a href=\"http:\/\/pizza-service-italia.de\/?page_id=41\">6,a,f<\/a><\/sup><\/td>\n<td style=\"text-align: right;\">11,50\u20ac<\/td>\n<td style=\"text-align: right;\">25,00\u20ac<\/td>\n<td style=\"text-align: right;\">30,50\u20ac<\/td>\n<\/tr>\n<tr>\n<td colspan=\"5\">\u00a0<\/td>\n<\/tr>\n<tr>\n<td>\u00a0<\/td>\n<td><b>Extra Zutaten: <\/b><br \/>Ananas, Artischocken, Aubergine, Spinat, Brokkoli, Pilze, Ei, Erbsen, Jalape\u00f1os, Knoblauch, Mais, Oliven, Paprika, Peperone, Rucola, frische Tomaten, Zwiebeln<\/td>\n<td style=\"text-align: right;\">1,00\u20ac<\/td>\n<td style=\"text-align: right;\">2,50\u20ac<\/td>\n<td style=\"text-align: right;\">3,00\u20ac<\/td>\n<\/tr>\n<tr>\n<td>\u00a0<\/td>\n<td><b>Extra Zutaten: <\/b><br \/>Meeresfr\u00fcchte, Sardellen, Thunfisch, Sucuk, Speckw\u00fcrfel, Salami, Schinken, Hackfleisch, Gorgonzola, Feta, Mozzarella, Parmesan, K\u00e4se, Sahne<\/td>\n<td style=\"text-align: right;\">1,50\u20ac<\/td>\n<td style=\"text-align: right;\">3,50\u20ac<\/td>\n<td style=\"text-align: right;\">4,50\u20ac<\/td>\n<\/tr>\n<tr>\n<td>\u00a0<\/td>\n<td><b>Extra Zutaten: <\/b><br \/>Shrimps, Lachs, H\u00e4hnchen<\/td>\n<td style=\"text-align: right;\">2,00\u20ac<\/td>\n<td style=\"text-align: right;\">4,00\u20ac<\/td>\n<td style=\"text-align: right;\">6,00\u20ac<\/td>\n<\/tr>\n<tr>\n<td>\u00a0<\/td>\n<td><b>K\u00e4serand: <\/b>nur f\u00fcr \u220530cm-Pizza<\/td>\n<td style=\"text-align: right;\">3,00\u20ac<\/td>\n<td>\u00a0<\/td>\n<td>\u00a0<\/td>\n<\/tr>\n<tr>\n<td><img loading=\"lazy\" decoding=\"async\" class=\"alignnone  wp-image-164\" src=\"http:\/\/pizza-service-italia.de\/wp-content\/uploads\/2021\/06\/NEU.gif\" alt=\"\" width=\"42\" height=\"15\" srcset=\"http:\/\/pizza-service-italia.de\/wp-content\/uploads\/2021\/06\/NEU.gif 50w, http:\/\/pizza-service-italia.de\/wp-content\/uploads\/2021\/06\/NEU-3x1.gif 3w\" sizes=\"auto, (max-width: 42px) 100vw, 42px\" \/><\/td>\n<td><b>Putenwiener-Randf\u00fcllung: <\/b>nur f\u00fcr \u220530cm-Pizza<\/td>\n<td style=\"text-align: right;\">4,00\u20ac<\/td>\n<td>\u00a0<\/td>\n<td>\u00a0<\/td>\n<\/tr>\n<\/tbody>\n<\/table>\n\n\n<p><\/p>\n","protected":false},"excerpt":{"rendered":"<p>Achtung: Neue Preise ab 01.03.2024 \u00a0 \u00a0 Pizza 30cm Familie46*33cm Party60*40cm 1 Pizzabrot: Knoblauch, \u00d6l, Oregano (auch als Panini)\u00a0a 5,00\u20ac \u00a0 \u00a0 2 Pizzabrot: K\u00e4se, Schinken (auch als Panini)\u00a0*,2,3,4,a,f 9,00\u20ac 21,50\u20ac 24,00\u20ac 3 Pizzabrot: K\u00e4se, Salami (auch als Panini)\u00a01,2,3,4,a,f 9,00\u20ac 21,50\u20ac 24,00\u20ac 4 Magherita: Tomaten, K\u00e4se\u00a02,3,a,f 9,00\u20ac 20,00\u20ac 23,00\u20ac 5 Prosciutto: Tomaten, K\u00e4se, Schinken\u00a0 *,2,3,4,a,f&#8230;<\/p>\n","protected":false},"author":1,"featured_media":0,"parent":0,"menu_order":0,"comment_status":"closed","ping_status":"closed","template":"","meta":{"footnotes":""},"class_list":["post-2","page","type-page","status-publish","hentry"],"_links":{"self":[{"href":"http:\/\/pizza-service-italia.de\/index.php?rest_route=\/wp\/v2\/pages\/2","targetHints":{"allow":["GET"]}}],"collection":[{"href":"http:\/\/pizza-service-italia.de\/index.php?rest_route=\/wp\/v2\/pages"}],"about":[{"href":"http:\/\/pizza-service-italia.de\/index.php?rest_route=\/wp\/v2\/types\/page"}],"author":[{"embeddable":true,"href":"http:\/\/pizza-service-italia.de\/index.php?rest_route=\/wp\/v2\/users\/1"}],"replies":[{"embeddable":true,"href":"http:\/\/pizza-service-italia.de\/index.php?rest_route=%2Fwp%2Fv2%2Fcomments&post=2"}],"version-history":[{"count":29,"href":"http:\/\/pizza-service-italia.de\/index.php?rest_route=\/wp\/v2\/pages\/2\/revisions"}],"predecessor-version":[{"id":297,"href":"http:\/\/pizza-service-italia.de\/index.php?rest_route=\/wp\/v2\/pages\/2\/revisions\/297"}],"wp:attachment":[{"href":"http:\/\/pizza-service-italia.de\/index.php?rest_route=%2Fwp%2Fv2%2Fmedia&parent=2"}],"curies":[{"name":"wp","href":"https:\/\/api.w.org\/{rel}","templated":true}]}}