{"id":41,"date":"2016-05-18T20:10:56","date_gmt":"2016-05-18T20:10:56","guid":{"rendered":"http:\/\/pizza-service-italia.de\/?page_id=41"},"modified":"2024-03-08T09:15:47","modified_gmt":"2024-03-08T09:15:47","slug":"inhaltsstoffe","status":"publish","type":"page","link":"http:\/\/pizza-service-italia.de\/?page_id=41","title":{"rendered":"Inhaltsstoffe &#038; Zutaten mit allergenem Potential"},"content":{"rendered":"<table>\n<tbody>\n<tr>\n<td>\n<ol>\n<li>mit Farbstoff<\/li>\n<li>mit Konservierungsstoff<\/li>\n<li>mit Antioxidationsmittel<\/li>\n<li>mit Geschmacksverst\u00e4rker<\/li>\n<li>geschwefelt<\/li>\n<li>geschw\u00e4rzt<\/li>\n<li>mit Phosphat<\/li>\n<li>mit Milcheiwei\u00df<\/li>\n<li>koffeinhaltig<\/li>\n<li>chininhaltig<\/li>\n<li>mit S\u00fc\u00dfungsmittel<\/li>\n<li>enth\u00e4lt eine Phenylalaninquelle<\/li>\n<li>gewachst<\/li>\n<li>mit Taurin<\/li>\n<li>Pflanzen\u00f6l aus gv-Soja<\/li>\n<li>enth\u00e4lt eine Phenylalaninquelle<\/li>\n<li>gewachst<\/li>\n<li>mit Taurin<\/li>\n<li>Pflanzen\u00f6l aus sv-Soja<\/li>\n<\/ol>\n<p>*) ausschlie\u00dfl. Hinterschinken<\/td>\n<td>\n<ol style=\"list-style: lower-alpha;\">\n<li>Glutenhaltiges Getreide (Weizen1, Roggen2, Gerste3)<\/li>\n<li>Fisch<\/li>\n<li>Krebstiere<\/li>\n<li>Schwefeldioxid und Sulfite<\/li>\n<li>Sellerie<\/li>\n<li>Milch\/Laktose<\/li>\n<li>Sesamsamen<\/li>\n<li>N\u00fcsse<\/li>\n<li>Eier<\/li>\n<li>Lupinen<\/li>\n<li>Senf<\/li>\n<li>Soja<\/li>\n<li>Weichtiere<\/li>\n<li>Erdn\u00fcsse,\u00a0Schalenfr\u00fcchte<\/li>\n<\/ol>\n<\/td>\n<\/tr>\n<\/tbody>\n<\/table>\n","protected":false},"excerpt":{"rendered":"<p>mit Farbstoff mit Konservierungsstoff mit Antioxidationsmittel mit Geschmacksverst\u00e4rker geschwefelt geschw\u00e4rzt mit Phosphat mit Milcheiwei\u00df koffeinhaltig chininhaltig mit S\u00fc\u00dfungsmittel enth\u00e4lt eine Phenylalaninquelle gewachst mit Taurin Pflanzen\u00f6l aus gv-Soja enth\u00e4lt eine Phenylalaninquelle gewachst mit Taurin Pflanzen\u00f6l aus sv-Soja *) ausschlie\u00dfl. Hinterschinken Glutenhaltiges Getreide (Weizen1, Roggen2, Gerste3) Fisch Krebstiere Schwefeldioxid und Sulfite Sellerie Milch\/Laktose Sesamsamen N\u00fcsse Eier Lupinen&#8230;<\/p>\n","protected":false},"author":1,"featured_media":0,"parent":0,"menu_order":0,"comment_status":"closed","ping_status":"closed","template":"","meta":{"footnotes":""},"class_list":["post-41","page","type-page","status-publish","hentry"],"_links":{"self":[{"href":"http:\/\/pizza-service-italia.de\/index.php?rest_route=\/wp\/v2\/pages\/41","targetHints":{"allow":["GET"]}}],"collection":[{"href":"http:\/\/pizza-service-italia.de\/index.php?rest_route=\/wp\/v2\/pages"}],"about":[{"href":"http:\/\/pizza-service-italia.de\/index.php?rest_route=\/wp\/v2\/types\/page"}],"author":[{"embeddable":true,"href":"http:\/\/pizza-service-italia.de\/index.php?rest_route=\/wp\/v2\/users\/1"}],"replies":[{"embeddable":true,"href":"http:\/\/pizza-service-italia.de\/index.php?rest_route=%2Fwp%2Fv2%2Fcomments&post=41"}],"version-history":[{"count":8,"href":"http:\/\/pizza-service-italia.de\/index.php?rest_route=\/wp\/v2\/pages\/41\/revisions"}],"predecessor-version":[{"id":284,"href":"http:\/\/pizza-service-italia.de\/index.php?rest_route=\/wp\/v2\/pages\/41\/revisions\/284"}],"wp:attachment":[{"href":"http:\/\/pizza-service-italia.de\/index.php?rest_route=%2Fwp%2Fv2%2Fmedia&parent=41"}],"curies":[{"name":"wp","href":"https:\/\/api.w.org\/{rel}","templated":true}]}}